{"id":3,"date":"2024-09-16T18:53:31","date_gmt":"2024-09-16T21:53:31","guid":{"rendered":"http:\/\/drapriscilabarros.com.br\/?page_id=3"},"modified":"2024-09-20T15:05:49","modified_gmt":"2024-09-20T18:05:49","slug":"politica-de-privacidade","status":"publish","type":"page","link":"https:\/\/drapriscilabarros.com.br\/?page_id=3","title":{"rendered":"Pol\u00edtica de privacidade"},"content":{"rendered":"\t\t<div data-elementor-type=\"wp-page\" data-elementor-id=\"3\" class=\"elementor elementor-3\" data-elementor-post-type=\"page\">\n\t\t\t\t<div class=\"elementor-element elementor-element-1d66c2bd e-flex e-con-boxed e-con e-parent\" data-id=\"1d66c2bd\" data-element_type=\"container\" data-settings=\"{&quot;background_background&quot;:&quot;classic&quot;}\">\n\t\t\t\t\t<div class=\"e-con-inner\">\n\t\t\t\t<div class=\"elementor-element elementor-element-182de107 elementor-widget__width-initial elementor-widget elementor-widget-text-editor\" data-id=\"182de107\" data-element_type=\"widget\" data-widget_type=\"text-editor.default\">\n\t\t\t\t<div class=\"elementor-widget-container\">\n\t\t\t\t\t\t\t\t\t<p><\/p>\n<h2 class=\"wp-block-heading\">Pol\u00edtica de Privacidade<\/h2>\n<p><\/p>\n<p>A sua privacidade \u00e9 importante para n\u00f3s. Esta pol\u00edtica de privacidade explica como coletamos, usamos, armazenamos e protegemos as suas informa\u00e7\u00f5es pessoais quando voc\u00ea acessa nosso site e utiliza nossos servi\u00e7os.<\/p>\n<p><\/p>\n<p><\/p>\n<p><\/p>\n<h3 class=\"wp-block-heading\">1. <strong>Informa\u00e7\u00f5es que Coletamos<\/strong><\/h3>\n<p><\/p>\n<p><\/p>\n<p>Coletamos informa\u00e7\u00f5es pessoais que voc\u00ea nos fornece diretamente, como:<\/p>\n<p><\/p>\n<p><\/p>\n<ul class=\"wp-block-list\">\n<li style=\"list-style-type: none;\">\n<ul class=\"wp-block-list\"><\/ul>\n<\/li>\n<\/ul>\n<ul class=\"wp-block-list\">\n<li style=\"list-style-type: none;\">\n<ul class=\"wp-block-list\">\n<li>Nome, e-mail e outras informa\u00e7\u00f5es de contato ao preencher formul\u00e1rios de assinatura, contato ou compra de servi\u00e7os.<\/li>\n<\/ul>\n<\/li>\n<\/ul>\n<p><\/p>\n<p><\/p>\n<ul class=\"wp-block-list\">\n<li style=\"list-style-type: none;\">\n<ul class=\"wp-block-list\">\n<li>Informa\u00e7\u00f5es sobre sua navega\u00e7\u00e3o, coletadas automaticamente atrav\u00e9s de cookies, como endere\u00e7o IP, tipo de dispositivo e p\u00e1ginas visitadas.<\/li>\n<\/ul>\n<\/li>\n<\/ul>\n<p><\/p>\n<p><\/p>\n<p><\/p>\n<h3 class=\"wp-block-heading\">2. <strong>Uso das Informa\u00e7\u00f5es<\/strong><\/h3>\n<p><\/p>\n<p><\/p>\n<p>Utilizamos suas informa\u00e7\u00f5es para:<\/p>\n<p><\/p>\n<p><\/p>\n<ul class=\"wp-block-list\">\n<li style=\"list-style-type: none;\">\n<ul class=\"wp-block-list\"><\/ul>\n<\/li>\n<\/ul>\n<ul class=\"wp-block-list\">\n<li style=\"list-style-type: none;\">\n<ul class=\"wp-block-list\">\n<li>Fornecer, operar e manter nossos servi\u00e7os.<\/li>\n<\/ul>\n<\/li>\n<\/ul>\n<p><\/p>\n<p><\/p>\n<ul class=\"wp-block-list\">\n<li style=\"list-style-type: none;\">\n<ul class=\"wp-block-list\">\n<li>Enviar e-mails de atualiza\u00e7\u00f5es, novos conte\u00fados, promo\u00e7\u00f5es e outras informa\u00e7\u00f5es relevantes.<\/li>\n<\/ul>\n<\/li>\n<\/ul>\n<p><\/p>\n<p><\/p>\n<ul class=\"wp-block-list\">\n<li style=\"list-style-type: none;\">\n<ul class=\"wp-block-list\">\n<li>Melhorar a experi\u00eancia do usu\u00e1rio, analisando o tr\u00e1fego e o comportamento de navega\u00e7\u00e3o no site.<\/li>\n<\/ul>\n<\/li>\n<\/ul>\n<p><\/p>\n<p><\/p>\n<ul class=\"wp-block-list\">\n<li style=\"list-style-type: none;\">\n<ul class=\"wp-block-list\">\n<li>Cumprir com obriga\u00e7\u00f5es legais e de seguran\u00e7a.<\/li>\n<\/ul>\n<\/li>\n<\/ul>\n<p><\/p>\n<p><\/p>\n<p><\/p>\n<h3 class=\"wp-block-heading\">3. <strong>Compartilhamento de Informa\u00e7\u00f5es<\/strong><\/h3>\n<p><\/p>\n<p><\/p>\n<p>N\u00e3o vendemos ou alugamos suas informa\u00e7\u00f5es pessoais. Compartilhamos dados com terceiros somente quando necess\u00e1rio para:<\/p>\n<p><\/p>\n<p><\/p>\n<ul class=\"wp-block-list\">\n<li style=\"list-style-type: none;\">\n<ul class=\"wp-block-list\"><\/ul>\n<\/li>\n<\/ul>\n<ul class=\"wp-block-list\">\n<li style=\"list-style-type: none;\">\n<ul class=\"wp-block-list\">\n<li>Processamento de pagamentos e servi\u00e7os essenciais ao funcionamento do site.<\/li>\n<\/ul>\n<\/li>\n<\/ul>\n<p><\/p>\n<p><\/p>\n<ul class=\"wp-block-list\">\n<li style=\"list-style-type: none;\">\n<ul class=\"wp-block-list\">\n<li>Cumprimento de obriga\u00e7\u00f5es legais ou regulat\u00f3rias.<\/li>\n<\/ul>\n<\/li>\n<\/ul>\n<p><\/p>\n<p><\/p>\n<ul class=\"wp-block-list\">\n<li style=\"list-style-type: none;\">\n<ul class=\"wp-block-list\">\n<li>Proteger os direitos, seguran\u00e7a e propriedade da nossa empresa e de nossos usu\u00e1rios.<\/li>\n<\/ul>\n<\/li>\n<\/ul>\n<p><\/p>\n<p><\/p>\n<p><\/p>\n<h3 class=\"wp-block-heading\">4. <strong>Seguran\u00e7a das Informa\u00e7\u00f5es<\/strong><\/h3>\n<p><\/p>\n<p><\/p>\n<p>Adotamos medidas de seguran\u00e7a apropriadas para proteger seus dados pessoais contra perda, uso indevido e acesso n\u00e3o autorizado. Embora tomemos todas as precau\u00e7\u00f5es para garantir a seguran\u00e7a, nenhum m\u00e9todo de transmiss\u00e3o pela Internet ou armazenamento eletr\u00f4nico \u00e9 100% seguro.<\/p>\n<p><\/p>\n<p><\/p>\n<h3 class=\"wp-block-heading\">5. <strong>Cookies e Tecnologias Semelhantes<\/strong><\/h3>\n<p><\/p>\n<p><\/p>\n<p>Utilizamos cookies para coletar informa\u00e7\u00f5es que nos ajudam a entender como voc\u00ea usa nosso site e melhorar sua experi\u00eancia. Voc\u00ea pode optar por desativar os cookies diretamente no seu navegador, mas isso pode afetar o funcionamento de certas partes do site.<\/p>\n<p><\/p>\n<p><\/p>\n<h3 class=\"wp-block-heading\">6. <strong>Seus Direitos<\/strong><\/h3>\n<p><\/p>\n<p><\/p>\n<p>Voc\u00ea tem o direito de:<\/p>\n<p><\/p>\n<p><\/p>\n<ul class=\"wp-block-list\">\n<li style=\"list-style-type: none;\">\n<ul class=\"wp-block-list\"><\/ul>\n<\/li>\n<\/ul>\n<ul class=\"wp-block-list\">\n<li style=\"list-style-type: none;\">\n<ul class=\"wp-block-list\">\n<li>Acessar, corrigir ou solicitar a exclus\u00e3o de suas informa\u00e7\u00f5es pessoais.<\/li>\n<\/ul>\n<\/li>\n<\/ul>\n<p><\/p>\n<p><\/p>\n<ul class=\"wp-block-list\">\n<li style=\"list-style-type: none;\">\n<ul class=\"wp-block-list\">\n<li>Retirar seu consentimento para o uso de seus dados a qualquer momento.<\/li>\n<\/ul>\n<\/li>\n<\/ul>\n<p><\/p>\n<p><\/p>\n<ul class=\"wp-block-list\">\n<li style=\"list-style-type: none;\">\n<ul class=\"wp-block-list\">\n<li>Solicitar a portabilidade de suas informa\u00e7\u00f5es para outro servi\u00e7o, se aplic\u00e1vel.<\/li>\n<\/ul>\n<\/li>\n<\/ul>\n<p><\/p>\n<p><\/p>\n<p><\/p>\n<h3 class=\"wp-block-heading\">7. <strong>Altera\u00e7\u00f5es \u00e0 Pol\u00edtica de Privacidade<\/strong><\/h3>\n<p><\/p>\n<p><\/p>\n<p>Podemos atualizar esta Pol\u00edtica de Privacidade periodicamente para refletir mudan\u00e7as em nossos servi\u00e7os ou leis aplic\u00e1veis. Notificaremos sobre qualquer altera\u00e7\u00e3o importante e encorajamos voc\u00ea a revisar esta p\u00e1gina regularmente.<\/p>\n<p><\/p>\n<p><\/p>\n<h3 class=\"wp-block-heading\">8. <strong>Contato<\/strong><\/h3>\n<p><\/p>\n<p><\/p>\n<p>Se voc\u00ea tiver qualquer d\u00favida sobre esta Pol\u00edtica de Privacidade ou desejar exercer seus direitos, entre em contato conosco pelo e-mail: drapriscilabarros@drapriscilabarros.com.br.<\/p>\n<p><\/p>\t\t\t\t\t\t\t\t<\/div>\n\t\t\t\t<\/div>\n\t\t\t\t\t<\/div>\n\t\t\t\t<\/div>\n\t\t\t\t<\/div>\n\t\t","protected":false},"excerpt":{"rendered":"<p>Pol\u00edtica de Privacidade A sua privacidade \u00e9 importante para n\u00f3s. Esta pol\u00edtica de privacidade explica como coletamos, usamos, armazenamos e protegemos as suas informa\u00e7\u00f5es pessoais quando voc\u00ea acessa nosso site e utiliza nossos servi\u00e7os. 1. Informa\u00e7\u00f5es que Coletamos Coletamos informa\u00e7\u00f5es pessoais que voc\u00ea nos fornece diretamente, como: 2. Uso das Informa\u00e7\u00f5es Utilizamos suas informa\u00e7\u00f5es para: [&hellip;]<\/p>\n","protected":false},"author":1,"featured_media":0,"parent":0,"menu_order":0,"comment_status":"closed","ping_status":"open","template":"elementor_header_footer","meta":{"footnotes":""},"class_list":["post-3","page","type-page","status-publish","hentry"],"_links":{"self":[{"href":"https:\/\/drapriscilabarros.com.br\/index.php?rest_route=\/wp\/v2\/pages\/3","targetHints":{"allow":["GET"]}}],"collection":[{"href":"https:\/\/drapriscilabarros.com.br\/index.php?rest_route=\/wp\/v2\/pages"}],"about":[{"href":"https:\/\/drapriscilabarros.com.br\/index.php?rest_route=\/wp\/v2\/types\/page"}],"author":[{"embeddable":true,"href":"https:\/\/drapriscilabarros.com.br\/index.php?rest_route=\/wp\/v2\/users\/1"}],"replies":[{"embeddable":true,"href":"https:\/\/drapriscilabarros.com.br\/index.php?rest_route=%2Fwp%2Fv2%2Fcomments&post=3"}],"version-history":[{"count":10,"href":"https:\/\/drapriscilabarros.com.br\/index.php?rest_route=\/wp\/v2\/pages\/3\/revisions"}],"predecessor-version":[{"id":245,"href":"https:\/\/drapriscilabarros.com.br\/index.php?rest_route=\/wp\/v2\/pages\/3\/revisions\/245"}],"wp:attachment":[{"href":"https:\/\/drapriscilabarros.com.br\/index.php?rest_route=%2Fwp%2Fv2%2Fmedia&parent=3"}],"curies":[{"name":"wp","href":"https:\/\/api.w.org\/{rel}","templated":true}]}}